{"id":21,"date":"2026-04-21T12:47:40","date_gmt":"2026-04-21T10:47:40","guid":{"rendered":"https:\/\/naplus.ab.pl\/?page_id=21"},"modified":"2026-04-21T14:31:23","modified_gmt":"2026-04-21T12:31:23","slug":"strona-glowna","status":"publish","type":"page","link":"https:\/\/naplus.ab.pl\/","title":{"rendered":"Strona g\u0142\u00f3wna"},"content":{"rendered":"<main id='bde-main'><section class=\"bde-section-21-207 bde-section\">\n              \n  \n  \n\t\n\n  <div class=\"section-background-overlay\"><\/div>\n\n\n<div class=\"section-container\"><div class=\"bde-fancy-container-21-209 bde-fancy-container\">\n  \n  \n\t\n\n\n\n<div class=\"bde-div-21-210 bde-div\">\n  \n  \n\t\n\n\n\n<div class=\"bde-text-21-208 bde-text\">\nPLAN\n<\/div><div class=\"bde-text-21-211 bde-text\">\nNA +\n<\/div>\n<\/div>\n<\/div><h1 class=\"bde-heading-21-213 bde-heading\">\nTwoja baza wiedzy<br>o Copilot+ PC\n<\/h1><div class=\"bde-text-21-214 bde-text\">\nProjekt AB na plus+ to wiedza, inspiracja i praktyka wok\u00f3\u0142 nowej generacji komputer\u00f3w z AI. Webinary, eventy, materia\u0142y wideo \u2014 wszystko w jednym miejscu.<br>\n<\/div><div class=\"bde-button-21-215 bde-button\">\n        \n    \n    \n    \n    \n            \n            <button type=\"button\" class=\"button-atom button-atom--primary bde-button__button\"  >\n    \n        <span class=\"button-atom__text\">Click Here<\/span>\n\n        \n        \n            <\/button>\n    \n\n\n<\/div><\/div>\n<\/section><\/main>","protected":false},"excerpt":{"rendered":"<p>PLAN NA + Twoja baza wiedzyo Copilot+ PC Projekt AB na plus+ to wiedza, inspiracja i praktyka wok\u00f3\u0142 nowej generacji komputer\u00f3w z AI. Webinary, eventy, materia\u0142y wideo \u2014 wszystko w jednym miejscu. Click Here<\/p>\n","protected":false},"author":1,"featured_media":0,"parent":0,"menu_order":0,"comment_status":"closed","ping_status":"closed","template":"","meta":{"_acf_changed":false,"_breakdance_hide_in_design_set":false,"_breakdance_tags":"","footnotes":""},"class_list":["post-21","page","type-page","status-publish","hentry"],"acf":[],"_links":{"self":[{"href":"https:\/\/naplus.ab.pl\/wp-json\/wp\/v2\/pages\/21","targetHints":{"allow":["GET"]}}],"collection":[{"href":"https:\/\/naplus.ab.pl\/wp-json\/wp\/v2\/pages"}],"about":[{"href":"https:\/\/naplus.ab.pl\/wp-json\/wp\/v2\/types\/page"}],"author":[{"embeddable":true,"href":"https:\/\/naplus.ab.pl\/wp-json\/wp\/v2\/users\/1"}],"replies":[{"embeddable":true,"href":"https:\/\/naplus.ab.pl\/wp-json\/wp\/v2\/comments?post=21"}],"version-history":[{"count":8,"href":"https:\/\/naplus.ab.pl\/wp-json\/wp\/v2\/pages\/21\/revisions"}],"predecessor-version":[{"id":41,"href":"https:\/\/naplus.ab.pl\/wp-json\/wp\/v2\/pages\/21\/revisions\/41"}],"wp:attachment":[{"href":"https:\/\/naplus.ab.pl\/wp-json\/wp\/v2\/media?parent=21"}],"curies":[{"name":"wp","href":"https:\/\/api.w.org\/{rel}","templated":true}]}}